{"id":742,"date":"2019-10-28T17:52:53","date_gmt":"2019-10-28T16:52:53","guid":{"rendered":"https:\/\/dgv-online.eu\/home2\/"},"modified":"2019-12-12T22:07:53","modified_gmt":"2019-12-12T21:07:53","slug":"home","status":"publish","type":"page","link":"https:\/\/dgv-online.com\/en\/","title":{"rendered":"Homepage"},"content":{"rendered":"<h1>Responsibility for your property<\/h1>\n<h2>DGV Deutsche Grundst\u00fccksverwaltung<\/h2>\n<p>\t\t\t<a href=\"https:\/\/hvstaffe.de\" target=\"_blank\" rel=\"noopener noreferrer\">Klaus Staffe Hausverwaltungen<\/a>\t\t<\/p>\n<p>As property managers at DGV, we stand for the preservation of real estate.\u00a0 We manage real estate property with an objective of value enhancement. It is our responsibility to secure the long-term returns of our clients together with the development of sustainable partnerships.<\/p>\n<p><a href=\"https:\/\/dgv-online.com\/en\/company\/\">Learn more about DGV <\/a><\/p>\n<h2>Our range of services<\/h2>\n<p>As a full-service property management company, we accompany our clients in rental management, the management of commercial real estate, as well as the administration of condominium owners&#8217; associations (WEG) and special property (SEV).<\/p>\n<h3>Rental management<\/h3>\n<p>\t\t\t\t\t\t\t\t\t\t<img fetchpriority=\"high\" decoding=\"async\" width=\"676\" height=\"676\" src=\"https:\/\/dgv-online.com\/wp-content\/uploads\/2019\/09\/DGV-Deutsche-Grundstu\u0308cksverwaltung_Mietverwaltung-1024x1024.jpg\" alt=\"DGV Deutsche Grundstu\u0308cksverwaltung Mietverwaltung\" srcset=\"https:\/\/dgv-online.com\/wp-content\/uploads\/2019\/09\/DGV-Deutsche-Grundstu\u0308cksverwaltung_Mietverwaltung-1024x1024.jpg 1024w, https:\/\/dgv-online.com\/wp-content\/uploads\/2019\/09\/DGV-Deutsche-Grundstu\u0308cksverwaltung_Mietverwaltung-150x150.jpg 150w, https:\/\/dgv-online.com\/wp-content\/uploads\/2019\/09\/DGV-Deutsche-Grundstu\u0308cksverwaltung_Mietverwaltung-300x300.jpg 300w, https:\/\/dgv-online.com\/wp-content\/uploads\/2019\/09\/DGV-Deutsche-Grundstu\u0308cksverwaltung_Mietverwaltung-768x768.jpg 768w, https:\/\/dgv-online.com\/wp-content\/uploads\/2019\/09\/DGV-Deutsche-Grundstu\u0308cksverwaltung_Mietverwaltung-676x676.jpg 676w, https:\/\/dgv-online.com\/wp-content\/uploads\/2019\/09\/DGV-Deutsche-Grundstu\u0308cksverwaltung_Mietverwaltung.jpg 1400w\" sizes=\"(max-width: 676px) 100vw, 676px\" \/>\t\t\t\t\t\t\t\t\t\t\t<\/p>\n<p>As part of the rental management of residential properties, we assume all technical and commercial administrative tasks.<\/p>\n<h3>Management of commercial real estate<\/h3>\n<p>\t\t\t\t\t\t\t\t\t\t<img decoding=\"async\" width=\"676\" height=\"676\" src=\"https:\/\/dgv-online.com\/wp-content\/uploads\/2019\/09\/DGV-Deutsche-Grundstu\u0308cksverwaltung_Gewerbeimmobilie-1024x1024.jpg\" alt=\"DGV Deutsche Grundstu\u0308cksverwaltung Gewerbeimmobilie\" srcset=\"https:\/\/dgv-online.com\/wp-content\/uploads\/2019\/09\/DGV-Deutsche-Grundstu\u0308cksverwaltung_Gewerbeimmobilie-1024x1024.jpg 1024w, https:\/\/dgv-online.com\/wp-content\/uploads\/2019\/09\/DGV-Deutsche-Grundstu\u0308cksverwaltung_Gewerbeimmobilie-150x150.jpg 150w, https:\/\/dgv-online.com\/wp-content\/uploads\/2019\/09\/DGV-Deutsche-Grundstu\u0308cksverwaltung_Gewerbeimmobilie-300x300.jpg 300w, https:\/\/dgv-online.com\/wp-content\/uploads\/2019\/09\/DGV-Deutsche-Grundstu\u0308cksverwaltung_Gewerbeimmobilie-768x768.jpg 768w, https:\/\/dgv-online.com\/wp-content\/uploads\/2019\/09\/DGV-Deutsche-Grundstu\u0308cksverwaltung_Gewerbeimmobilie-676x676.jpg 676w, https:\/\/dgv-online.com\/wp-content\/uploads\/2019\/09\/DGV-Deutsche-Grundstu\u0308cksverwaltung_Gewerbeimmobilie.jpg 1400w\" sizes=\"(max-width: 676px) 100vw, 676px\" \/>\t\t\t\t\t\t\t\t\t\t\t<\/p>\n<p>For owners of commercial real estate, we offer all commercial and technical services for commercial real estate management in Berlin and throughout Germany.<\/p>\n<h3>WEG management<\/h3>\n<p>\t\t\t\t\t\t\t\t\t\t<img decoding=\"async\" width=\"676\" height=\"676\" src=\"https:\/\/dgv-online.com\/wp-content\/uploads\/2019\/09\/DGV-Deutsche-Grundstu\u0308cksverwaltung_WEG-Verwaltung-1024x1024.jpg\" alt=\"DGV Deutsche Grundstu\u0308cksverwaltung WEG-Verwaltung\" srcset=\"https:\/\/dgv-online.com\/wp-content\/uploads\/2019\/09\/DGV-Deutsche-Grundstu\u0308cksverwaltung_WEG-Verwaltung-1024x1024.jpg 1024w, https:\/\/dgv-online.com\/wp-content\/uploads\/2019\/09\/DGV-Deutsche-Grundstu\u0308cksverwaltung_WEG-Verwaltung-150x150.jpg 150w, https:\/\/dgv-online.com\/wp-content\/uploads\/2019\/09\/DGV-Deutsche-Grundstu\u0308cksverwaltung_WEG-Verwaltung-300x300.jpg 300w, https:\/\/dgv-online.com\/wp-content\/uploads\/2019\/09\/DGV-Deutsche-Grundstu\u0308cksverwaltung_WEG-Verwaltung-768x768.jpg 768w, https:\/\/dgv-online.com\/wp-content\/uploads\/2019\/09\/DGV-Deutsche-Grundstu\u0308cksverwaltung_WEG-Verwaltung-676x676.jpg 676w, https:\/\/dgv-online.com\/wp-content\/uploads\/2019\/09\/DGV-Deutsche-Grundstu\u0308cksverwaltung_WEG-Verwaltung.jpg 1400w\" sizes=\"(max-width: 676px) 100vw, 676px\" \/>\t\t\t\t\t\t\t\t\t\t\t<\/p>\n<p>The property management for condominium owners&#8217; associations according to the Wohnungseigentumsgesetz &#8220;home ownership law\u201c (WEG) is a focal point of our activities.<\/p>\n<h3>SE management of residential and commercial properties<\/h3>\n<p>\t\t\t\t\t\t\t\t\t\t<img loading=\"lazy\" decoding=\"async\" width=\"676\" height=\"676\" src=\"https:\/\/dgv-online.com\/wp-content\/uploads\/2019\/09\/DGV-Deutsche-Grundstu\u0308cksverwaltung_SE-Verwaltung-1024x1024.jpg\" alt=\"DGV Deutsche Grundstu\u0308cksverwaltung SE-Verwaltung\" srcset=\"https:\/\/dgv-online.com\/wp-content\/uploads\/2019\/09\/DGV-Deutsche-Grundstu\u0308cksverwaltung_SE-Verwaltung-1024x1024.jpg 1024w, https:\/\/dgv-online.com\/wp-content\/uploads\/2019\/09\/DGV-Deutsche-Grundstu\u0308cksverwaltung_SE-Verwaltung-150x150.jpg 150w, https:\/\/dgv-online.com\/wp-content\/uploads\/2019\/09\/DGV-Deutsche-Grundstu\u0308cksverwaltung_SE-Verwaltung-300x300.jpg 300w, https:\/\/dgv-online.com\/wp-content\/uploads\/2019\/09\/DGV-Deutsche-Grundstu\u0308cksverwaltung_SE-Verwaltung-768x768.jpg 768w, https:\/\/dgv-online.com\/wp-content\/uploads\/2019\/09\/DGV-Deutsche-Grundstu\u0308cksverwaltung_SE-Verwaltung-676x676.jpg 676w, https:\/\/dgv-online.com\/wp-content\/uploads\/2019\/09\/DGV-Deutsche-Grundstu\u0308cksverwaltung_SE-Verwaltung.jpg 1400w\" sizes=\"(max-width: 676px) 100vw, 676px\" \/>\t\t\t\t\t\t\t\t\t\t\t<\/p>\n<p>We offer special property management (SEV) to owners of residential or commercial units within an owner community following the WEG regulation.<\/p>\n<h3>Rental management<\/h3>\n<p>\t\t\t\t\t\t\t\t\t\t<img fetchpriority=\"high\" decoding=\"async\" width=\"676\" height=\"676\" src=\"https:\/\/dgv-online.com\/wp-content\/uploads\/2019\/09\/DGV-Deutsche-Grundstu\u0308cksverwaltung_Mietverwaltung-1024x1024.jpg\" alt=\"DGV Deutsche Grundstu\u0308cksverwaltung Mietverwaltung\" srcset=\"https:\/\/dgv-online.com\/wp-content\/uploads\/2019\/09\/DGV-Deutsche-Grundstu\u0308cksverwaltung_Mietverwaltung-1024x1024.jpg 1024w, https:\/\/dgv-online.com\/wp-content\/uploads\/2019\/09\/DGV-Deutsche-Grundstu\u0308cksverwaltung_Mietverwaltung-150x150.jpg 150w, https:\/\/dgv-online.com\/wp-content\/uploads\/2019\/09\/DGV-Deutsche-Grundstu\u0308cksverwaltung_Mietverwaltung-300x300.jpg 300w, https:\/\/dgv-online.com\/wp-content\/uploads\/2019\/09\/DGV-Deutsche-Grundstu\u0308cksverwaltung_Mietverwaltung-768x768.jpg 768w, https:\/\/dgv-online.com\/wp-content\/uploads\/2019\/09\/DGV-Deutsche-Grundstu\u0308cksverwaltung_Mietverwaltung-676x676.jpg 676w, https:\/\/dgv-online.com\/wp-content\/uploads\/2019\/09\/DGV-Deutsche-Grundstu\u0308cksverwaltung_Mietverwaltung.jpg 1400w\" sizes=\"(max-width: 676px) 100vw, 676px\" \/>\t\t\t\t\t\t\t\t\t\t\t<\/p>\n<p>As part of the rental management of residential properties, we assume all technical and commercial administrative tasks.<\/p>\n<h3>Management of commercial real estate<\/h3>\n<p>\t\t\t\t\t\t\t\t\t\t<img decoding=\"async\" width=\"676\" height=\"676\" src=\"https:\/\/dgv-online.com\/wp-content\/uploads\/2019\/09\/DGV-Deutsche-Grundstu\u0308cksverwaltung_Gewerbeimmobilie-1024x1024.jpg\" alt=\"DGV Deutsche Grundstu\u0308cksverwaltung Gewerbeimmobilie\" srcset=\"https:\/\/dgv-online.com\/wp-content\/uploads\/2019\/09\/DGV-Deutsche-Grundstu\u0308cksverwaltung_Gewerbeimmobilie-1024x1024.jpg 1024w, https:\/\/dgv-online.com\/wp-content\/uploads\/2019\/09\/DGV-Deutsche-Grundstu\u0308cksverwaltung_Gewerbeimmobilie-150x150.jpg 150w, https:\/\/dgv-online.com\/wp-content\/uploads\/2019\/09\/DGV-Deutsche-Grundstu\u0308cksverwaltung_Gewerbeimmobilie-300x300.jpg 300w, https:\/\/dgv-online.com\/wp-content\/uploads\/2019\/09\/DGV-Deutsche-Grundstu\u0308cksverwaltung_Gewerbeimmobilie-768x768.jpg 768w, https:\/\/dgv-online.com\/wp-content\/uploads\/2019\/09\/DGV-Deutsche-Grundstu\u0308cksverwaltung_Gewerbeimmobilie-676x676.jpg 676w, https:\/\/dgv-online.com\/wp-content\/uploads\/2019\/09\/DGV-Deutsche-Grundstu\u0308cksverwaltung_Gewerbeimmobilie.jpg 1400w\" sizes=\"(max-width: 676px) 100vw, 676px\" \/>\t\t\t\t\t\t\t\t\t\t\t<\/p>\n<p>For owners of commercial real estate, we offer all commercial and technical services for commercial real estate management in Berlin and throughout Germany.<\/p>\n<h3>WEG management<\/h3>\n<p>\t\t\t\t\t\t\t\t\t\t<img decoding=\"async\" width=\"676\" height=\"676\" src=\"https:\/\/dgv-online.com\/wp-content\/uploads\/2019\/09\/DGV-Deutsche-Grundstu\u0308cksverwaltung_WEG-Verwaltung-1024x1024.jpg\" alt=\"DGV Deutsche Grundstu\u0308cksverwaltung WEG-Verwaltung\" srcset=\"https:\/\/dgv-online.com\/wp-content\/uploads\/2019\/09\/DGV-Deutsche-Grundstu\u0308cksverwaltung_WEG-Verwaltung-1024x1024.jpg 1024w, https:\/\/dgv-online.com\/wp-content\/uploads\/2019\/09\/DGV-Deutsche-Grundstu\u0308cksverwaltung_WEG-Verwaltung-150x150.jpg 150w, https:\/\/dgv-online.com\/wp-content\/uploads\/2019\/09\/DGV-Deutsche-Grundstu\u0308cksverwaltung_WEG-Verwaltung-300x300.jpg 300w, https:\/\/dgv-online.com\/wp-content\/uploads\/2019\/09\/DGV-Deutsche-Grundstu\u0308cksverwaltung_WEG-Verwaltung-768x768.jpg 768w, https:\/\/dgv-online.com\/wp-content\/uploads\/2019\/09\/DGV-Deutsche-Grundstu\u0308cksverwaltung_WEG-Verwaltung-676x676.jpg 676w, https:\/\/dgv-online.com\/wp-content\/uploads\/2019\/09\/DGV-Deutsche-Grundstu\u0308cksverwaltung_WEG-Verwaltung.jpg 1400w\" sizes=\"(max-width: 676px) 100vw, 676px\" \/>\t\t\t\t\t\t\t\t\t\t\t<\/p>\n<p>The property management for condominium owners&#8217; associations according to the Wohnungseigentumsgesetz &#8220;home ownership law\u201c (WEG) is a focal point of our activities.<\/p>\n<h3>SE management of residential and commercial properties<\/h3>\n<p>\t\t\t\t\t\t\t\t\t\t<img loading=\"lazy\" decoding=\"async\" width=\"676\" height=\"676\" src=\"https:\/\/dgv-online.com\/wp-content\/uploads\/2019\/09\/DGV-Deutsche-Grundstu\u0308cksverwaltung_SE-Verwaltung-1024x1024.jpg\" alt=\"DGV Deutsche Grundstu\u0308cksverwaltung SE-Verwaltung\" srcset=\"https:\/\/dgv-online.com\/wp-content\/uploads\/2019\/09\/DGV-Deutsche-Grundstu\u0308cksverwaltung_SE-Verwaltung-1024x1024.jpg 1024w, https:\/\/dgv-online.com\/wp-content\/uploads\/2019\/09\/DGV-Deutsche-Grundstu\u0308cksverwaltung_SE-Verwaltung-150x150.jpg 150w, https:\/\/dgv-online.com\/wp-content\/uploads\/2019\/09\/DGV-Deutsche-Grundstu\u0308cksverwaltung_SE-Verwaltung-300x300.jpg 300w, https:\/\/dgv-online.com\/wp-content\/uploads\/2019\/09\/DGV-Deutsche-Grundstu\u0308cksverwaltung_SE-Verwaltung-768x768.jpg 768w, https:\/\/dgv-online.com\/wp-content\/uploads\/2019\/09\/DGV-Deutsche-Grundstu\u0308cksverwaltung_SE-Verwaltung-676x676.jpg 676w, https:\/\/dgv-online.com\/wp-content\/uploads\/2019\/09\/DGV-Deutsche-Grundstu\u0308cksverwaltung_SE-Verwaltung.jpg 1400w\" sizes=\"(max-width: 676px) 100vw, 676px\" \/>\t\t\t\t\t\t\t\t\t\t\t<\/p>\n<p>We offer special property management (SEV) to owners of residential or commercial units within an owner community following the WEG regulation.<\/p>\n<figure><img decoding=\"async\" src=\"https:\/\/dgv-online.com\/wp-content\/uploads\/2019\/09\/DGV-Deutsche-Grundstu\u0308cksverwaltung_Mietverwaltung.jpg\" alt=\"DGV Deutsche Grundstu\u0308cksverwaltung Mietverwaltung\" \/><figcaption>Mietverwaltung Im Rahmen der Mietverwaltung von Wohnobjekten \u00fcbernehmen wir s\u00e4mtliche technischen und kaufm\u00e4nnischen Verwaltungsaufgaben.<\/figcaption><\/figure>\n<figure><img decoding=\"async\" src=\"https:\/\/dgv-online.com\/wp-content\/uploads\/2019\/09\/DGV-Deutsche-Grundstu\u0308cksverwaltung_Gewerbeimmobilie.jpg\" alt=\"DGV Deutsche Grundstu\u0308cksverwaltung Gewerbeimmobilie\" \/><figcaption>Verwaltung von Gewerbeimmobilien Eigent\u00fcmern von Gewerbeimmobilien bieten wir als leistungsf\u00e4hige Hausverwaltung in Berlin und deutschlandweit s\u00e4mtlichen kaufm\u00e4nnischen und technischen Service der Gewerbeimmobilienverwaltung.<\/figcaption><\/figure>\n<figure><img decoding=\"async\" src=\"https:\/\/dgv-online.com\/wp-content\/uploads\/2019\/09\/DGV-Deutsche-Grundstu\u0308cksverwaltung_WEG-Verwaltung.jpg\" alt=\"DGV Deutsche Grundstu\u0308cksverwaltung WEG-Verwaltung\" \/><figcaption>WEG Verwaltung Die Hausverwaltung f\u00fcr Wohnungseigent\u00fcmergemeinschaften nach dem Wohnungseigentumsgesetz (WEG) bildet einen Schwerpunkt unserer T\u00e4tigkeit.<\/figcaption><\/figure>\n<figure><img decoding=\"async\" src=\"https:\/\/dgv-online.com\/wp-content\/uploads\/2019\/09\/DGV-Deutsche-Grundstu\u0308cksverwaltung_SE-Verwaltung.jpg\" alt=\"DGV Deutsche Grundstu\u0308cksverwaltung SE-Verwaltung\" \/><figcaption>SE-Verwaltung Wohnimmobilien und Gewerbeimmobilien Eigent\u00fcmern von Wohn- oder Gewerbeeinheiten innerhalb einer Eigent\u00fcmergemeinschaft nach dem WEG bieten wir eine Sondereigentumsverwaltung (SEV) an.<\/figcaption><\/figure>\n<p><a href=\"https:\/\/dgv-online.com\/en\/services\/\">More about our range of services <\/a><\/p>\n<p>\t\t\tYour inquiry\t\t<\/p>\n<p>You are looking for a property manager for your property and your tenants? Get your customized quote for free.<\/p>\n<p>    <a href=\"https:\/\/dgv-online.com\/en\/contact-and-inquiries\/\" title=\"DGV Contact\">Request now<\/a><br \/>\n\t\t\t\t\t\t\t\t\t\t<img loading=\"lazy\" decoding=\"async\" width=\"676\" height=\"451\" src=\"https:\/\/dgv-online.com\/wp-content\/uploads\/2019\/09\/DGV-Deutsche-Grundstu\u0308cksverwaltung_Anfrage-1024x683.jpg\" alt=\"DGV Deutsche Grundstu\u0308cksverwaltung Anfrage\" srcset=\"https:\/\/dgv-online.com\/wp-content\/uploads\/2019\/09\/DGV-Deutsche-Grundstu\u0308cksverwaltung_Anfrage-1024x683.jpg 1024w, https:\/\/dgv-online.com\/wp-content\/uploads\/2019\/09\/DGV-Deutsche-Grundstu\u0308cksverwaltung_Anfrage-300x200.jpg 300w, https:\/\/dgv-online.com\/wp-content\/uploads\/2019\/09\/DGV-Deutsche-Grundstu\u0308cksverwaltung_Anfrage-768x512.jpg 768w, https:\/\/dgv-online.com\/wp-content\/uploads\/2019\/09\/DGV-Deutsche-Grundstu\u0308cksverwaltung_Anfrage-676x451.jpg 676w, https:\/\/dgv-online.com\/wp-content\/uploads\/2019\/09\/DGV-Deutsche-Grundstu\u0308cksverwaltung_Anfrage.jpg 1920w\" sizes=\"(max-width: 676px) 100vw, 676px\" \/><br \/>\n\t\t\tYour inquiry\t\t<\/p>\n<p>Are you looking for a property manager for your property and your tenants? Ask now for your personal and non-binding offer.<\/p>\n<p>\t\t\t\t\t\t\t\t\t\t<img loading=\"lazy\" decoding=\"async\" width=\"676\" height=\"451\" src=\"https:\/\/dgv-online.com\/wp-content\/uploads\/2019\/09\/DGV-Deutsche-Grundstu\u0308cksverwaltung_Anfrage-1024x683.jpg\" alt=\"DGV Deutsche Grundstu\u0308cksverwaltung Anfrage\" srcset=\"https:\/\/dgv-online.com\/wp-content\/uploads\/2019\/09\/DGV-Deutsche-Grundstu\u0308cksverwaltung_Anfrage-1024x683.jpg 1024w, https:\/\/dgv-online.com\/wp-content\/uploads\/2019\/09\/DGV-Deutsche-Grundstu\u0308cksverwaltung_Anfrage-300x200.jpg 300w, https:\/\/dgv-online.com\/wp-content\/uploads\/2019\/09\/DGV-Deutsche-Grundstu\u0308cksverwaltung_Anfrage-768x512.jpg 768w, https:\/\/dgv-online.com\/wp-content\/uploads\/2019\/09\/DGV-Deutsche-Grundstu\u0308cksverwaltung_Anfrage-676x451.jpg 676w, https:\/\/dgv-online.com\/wp-content\/uploads\/2019\/09\/DGV-Deutsche-Grundstu\u0308cksverwaltung_Anfrage.jpg 1920w\" sizes=\"(max-width: 676px) 100vw, 676px\" \/><br \/>\n    <a href=\"https:\/\/dgv-online.com\/en\/contact-and-inquiries\/\" title=\"DGV Contact\">Request now<\/a><\/p>\n","protected":false},"excerpt":{"rendered":"<p>Responsibility for your property DGV Deutsche Grundst\u00fccksverwaltung Klaus Staffe Hausverwaltungen As property managers at DGV, we stand for the preservation of real estate.\u00a0 We manage real estate property with an objective of value enhancement. It is our responsibility to secure the long-term returns of our clients together with the development of sustainable partnerships. Learn more [&hellip;]<\/p>\n","protected":false},"author":2,"featured_media":0,"parent":0,"menu_order":0,"comment_status":"closed","ping_status":"closed","template":"elementor_header_footer","meta":{"footnotes":""},"class_list":["post-742","page","type-page","status-publish","hentry","post-preview"],"yoast_head":"<!-- This site is optimized with the Yoast SEO plugin v27.4 - https:\/\/yoast.com\/product\/yoast-seo-wordpress\/ -->\n<title>Welcome | DGV - Deutsche Grundst\u00fccksverwaltung GmbH<\/title>\n<meta name=\"description\" content=\"Welcome to DGV. Responsibility for your property. Rental Management | Commercial real estate | WEG administration &amp; SE administration.\" \/>\n<meta name=\"robots\" content=\"index, follow, max-snippet:-1, max-image-preview:large, max-video-preview:-1\" \/>\n<link rel=\"canonical\" href=\"https:\/\/dgv-online.com\/en\/\" \/>\n<meta property=\"og:locale\" content=\"en_US\" \/>\n<meta property=\"og:type\" content=\"article\" \/>\n<meta property=\"og:title\" content=\"Welcome | DGV - Deutsche Grundst\u00fccksverwaltung GmbH\" \/>\n<meta property=\"og:description\" content=\"Welcome to DGV. Responsibility for your property. Rental Management | Commercial real estate | WEG administration &amp; SE administration.\" \/>\n<meta property=\"og:url\" content=\"https:\/\/dgv-online.com\/en\/\" \/>\n<meta property=\"og:site_name\" content=\"DGV Deutsche Grundst\u00fccksverwaltung GmbH\" \/>\n<meta property=\"article:modified_time\" content=\"2019-12-12T21:07:53+00:00\" \/>\n<meta property=\"og:image\" content=\"https:\/\/dgv-online.com\/wp-content\/uploads\/2019\/09\/DGV-Deutsche-Grundstu\u0308cksverwaltung_Mietverwaltung-1024x1024.jpg\" \/>\n<meta name=\"twitter:card\" content=\"summary_large_image\" \/>\n<meta name=\"twitter:label1\" content=\"Est. reading time\" \/>\n\t<meta name=\"twitter:data1\" content=\"2 minutes\" \/>\n<script type=\"application\/ld+json\" class=\"yoast-schema-graph\">{\"@context\":\"https:\\\/\\\/schema.org\",\"@graph\":[{\"@type\":\"WebPage\",\"@id\":\"https:\\\/\\\/dgv-online.com\\\/en\\\/\",\"url\":\"https:\\\/\\\/dgv-online.com\\\/en\\\/\",\"name\":\"Welcome | DGV - Deutsche Grundst\u00fccksverwaltung GmbH\",\"isPartOf\":{\"@id\":\"https:\\\/\\\/dgv-online.com\\\/en\\\/#website\"},\"datePublished\":\"2019-10-28T16:52:53+00:00\",\"dateModified\":\"2019-12-12T21:07:53+00:00\",\"description\":\"Welcome to DGV. Responsibility for your property. Rental Management | Commercial real estate | WEG administration & SE administration.\",\"inLanguage\":\"en-US\",\"potentialAction\":[{\"@type\":\"ReadAction\",\"target\":[\"https:\\\/\\\/dgv-online.com\\\/en\\\/\"]}]},{\"@type\":\"WebSite\",\"@id\":\"https:\\\/\\\/dgv-online.com\\\/en\\\/#website\",\"url\":\"https:\\\/\\\/dgv-online.com\\\/en\\\/\",\"name\":\"DGV Deutsche Grundst\u00fccksverwaltung GmbH\",\"description\":\"\",\"publisher\":{\"@id\":\"https:\\\/\\\/dgv-online.com\\\/en\\\/#organization\"},\"potentialAction\":[{\"@type\":\"SearchAction\",\"target\":{\"@type\":\"EntryPoint\",\"urlTemplate\":\"https:\\\/\\\/dgv-online.com\\\/en\\\/?s={search_term_string}\"},\"query-input\":{\"@type\":\"PropertyValueSpecification\",\"valueRequired\":true,\"valueName\":\"search_term_string\"}}],\"inLanguage\":\"en-US\"},{\"@type\":\"Organization\",\"@id\":\"https:\\\/\\\/dgv-online.com\\\/en\\\/#organization\",\"name\":\"DGV Deutsche Grundst\u00fccksverwaltung GmbH\",\"url\":\"https:\\\/\\\/dgv-online.com\\\/en\\\/\",\"logo\":{\"@type\":\"ImageObject\",\"inLanguage\":\"en-US\",\"@id\":\"https:\\\/\\\/dgv-online.com\\\/en\\\/#\\\/schema\\\/logo\\\/image\\\/\",\"url\":\"https:\\\/\\\/dgv-online.com\\\/wp-content\\\/uploads\\\/2019\\\/09\\\/DGV_Logo_blau.png\",\"contentUrl\":\"https:\\\/\\\/dgv-online.com\\\/wp-content\\\/uploads\\\/2019\\\/09\\\/DGV_Logo_blau.png\",\"width\":175,\"height\":59,\"caption\":\"DGV Deutsche Grundst\u00fccksverwaltung GmbH\"},\"image\":{\"@id\":\"https:\\\/\\\/dgv-online.com\\\/en\\\/#\\\/schema\\\/logo\\\/image\\\/\"}}]}<\/script>\n<!-- \/ Yoast SEO plugin. -->","yoast_head_json":{"title":"Welcome | DGV - Deutsche Grundst\u00fccksverwaltung GmbH","description":"Welcome to DGV. Responsibility for your property. Rental Management | Commercial real estate | WEG administration & SE administration.","robots":{"index":"index","follow":"follow","max-snippet":"max-snippet:-1","max-image-preview":"max-image-preview:large","max-video-preview":"max-video-preview:-1"},"canonical":"https:\/\/dgv-online.com\/en\/","og_locale":"en_US","og_type":"article","og_title":"Welcome | DGV - Deutsche Grundst\u00fccksverwaltung GmbH","og_description":"Welcome to DGV. Responsibility for your property. Rental Management | Commercial real estate | WEG administration & SE administration.","og_url":"https:\/\/dgv-online.com\/en\/","og_site_name":"DGV Deutsche Grundst\u00fccksverwaltung GmbH","article_modified_time":"2019-12-12T21:07:53+00:00","og_image":[{"url":"https:\/\/dgv-online.com\/wp-content\/uploads\/2019\/09\/DGV-Deutsche-Grundstu\u0308cksverwaltung_Mietverwaltung-1024x1024.jpg","type":"","width":"","height":""}],"twitter_card":"summary_large_image","twitter_misc":{"Est. reading time":"2 minutes"},"schema":{"@context":"https:\/\/schema.org","@graph":[{"@type":"WebPage","@id":"https:\/\/dgv-online.com\/en\/","url":"https:\/\/dgv-online.com\/en\/","name":"Welcome | DGV - Deutsche Grundst\u00fccksverwaltung GmbH","isPartOf":{"@id":"https:\/\/dgv-online.com\/en\/#website"},"datePublished":"2019-10-28T16:52:53+00:00","dateModified":"2019-12-12T21:07:53+00:00","description":"Welcome to DGV. Responsibility for your property. Rental Management | Commercial real estate | WEG administration & SE administration.","inLanguage":"en-US","potentialAction":[{"@type":"ReadAction","target":["https:\/\/dgv-online.com\/en\/"]}]},{"@type":"WebSite","@id":"https:\/\/dgv-online.com\/en\/#website","url":"https:\/\/dgv-online.com\/en\/","name":"DGV Deutsche Grundst\u00fccksverwaltung GmbH","description":"","publisher":{"@id":"https:\/\/dgv-online.com\/en\/#organization"},"potentialAction":[{"@type":"SearchAction","target":{"@type":"EntryPoint","urlTemplate":"https:\/\/dgv-online.com\/en\/?s={search_term_string}"},"query-input":{"@type":"PropertyValueSpecification","valueRequired":true,"valueName":"search_term_string"}}],"inLanguage":"en-US"},{"@type":"Organization","@id":"https:\/\/dgv-online.com\/en\/#organization","name":"DGV Deutsche Grundst\u00fccksverwaltung GmbH","url":"https:\/\/dgv-online.com\/en\/","logo":{"@type":"ImageObject","inLanguage":"en-US","@id":"https:\/\/dgv-online.com\/en\/#\/schema\/logo\/image\/","url":"https:\/\/dgv-online.com\/wp-content\/uploads\/2019\/09\/DGV_Logo_blau.png","contentUrl":"https:\/\/dgv-online.com\/wp-content\/uploads\/2019\/09\/DGV_Logo_blau.png","width":175,"height":59,"caption":"DGV Deutsche Grundst\u00fccksverwaltung GmbH"},"image":{"@id":"https:\/\/dgv-online.com\/en\/#\/schema\/logo\/image\/"}}]}},"_links":{"self":[{"href":"https:\/\/dgv-online.com\/en\/wp-json\/wp\/v2\/pages\/742","targetHints":{"allow":["GET"]}}],"collection":[{"href":"https:\/\/dgv-online.com\/en\/wp-json\/wp\/v2\/pages"}],"about":[{"href":"https:\/\/dgv-online.com\/en\/wp-json\/wp\/v2\/types\/page"}],"author":[{"embeddable":true,"href":"https:\/\/dgv-online.com\/en\/wp-json\/wp\/v2\/users\/2"}],"replies":[{"embeddable":true,"href":"https:\/\/dgv-online.com\/en\/wp-json\/wp\/v2\/comments?post=742"}],"version-history":[{"count":12,"href":"https:\/\/dgv-online.com\/en\/wp-json\/wp\/v2\/pages\/742\/revisions"}],"predecessor-version":[{"id":987,"href":"https:\/\/dgv-online.com\/en\/wp-json\/wp\/v2\/pages\/742\/revisions\/987"}],"wp:attachment":[{"href":"https:\/\/dgv-online.com\/en\/wp-json\/wp\/v2\/media?parent=742"}],"curies":[{"name":"wp","href":"https:\/\/api.w.org\/{rel}","templated":true}]}}